{"id":3469,"date":"2022-12-09T13:13:20","date_gmt":"2022-12-09T12:13:20","guid":{"rendered":"https:\/\/compositesbusch.ch\/avis-de-non-responsabilite\/"},"modified":"2022-12-19T15:25:01","modified_gmt":"2022-12-19T14:25:01","slug":"haftungsausschluss","status":"publish","type":"page","link":"https:\/\/compositesbusch.ch\/de\/haftungsausschluss\/","title":{"rendered":"Haftungsausschluss"},"content":{"rendered":"\t\t<div data-elementor-type=\"wp-page\" data-elementor-id=\"3469\" class=\"elementor elementor-3469 elementor-3406\" data-elementor-post-type=\"page\">\n\t\t\t\t\t\t<section data-particle_enable=\"false\" data-particle-mobile-disabled=\"false\" class=\"elementor-section elementor-top-section elementor-element elementor-element-f716115 elementor-section-height-min-height elementor-section-boxed elementor-section-height-default elementor-section-items-middle\" data-id=\"f716115\" data-element_type=\"section\" data-settings=\"{&quot;background_background&quot;:&quot;classic&quot;}\">\n\t\t\t\t\t\t\t<div class=\"elementor-background-overlay\"><\/div>\n\t\t\t\t\t\t\t<div class=\"elementor-container elementor-column-gap-default\">\n\t\t\t\t\t<div class=\"elementor-column elementor-col-100 elementor-top-column elementor-element elementor-element-7289f96\" data-id=\"7289f96\" data-element_type=\"column\">\n\t\t\t<div class=\"elementor-widget-wrap elementor-element-populated\">\n\t\t\t\t\t\t<div class=\"elementor-element elementor-element-261de38 elementor-widget elementor-widget-heading\" data-id=\"261de38\" data-element_type=\"widget\" data-widget_type=\"heading.default\">\n\t\t\t\t<div class=\"elementor-widget-container\">\n\t\t\t<h1 class=\"elementor-heading-title elementor-size-default\">Haftungsausschluss<\/h1>\t\t<\/div>\n\t\t\t\t<\/div>\n\t\t\t\t<div class=\"elementor-element elementor-element-01e992d elementor-widget elementor-widget-spacer\" data-id=\"01e992d\" data-element_type=\"widget\" data-widget_type=\"spacer.default\">\n\t\t\t\t<div class=\"elementor-widget-container\">\n\t\t\t\t\t<div class=\"elementor-spacer\">\n\t\t\t<div class=\"elementor-spacer-inner\"><\/div>\n\t\t<\/div>\n\t\t\t\t<\/div>\n\t\t\t\t<\/div>\n\t\t\t\t\t<\/div>\n\t\t<\/div>\n\t\t\t\t\t<\/div>\n\t\t<\/section>\n\t\t\t\t<section data-particle_enable=\"false\" data-particle-mobile-disabled=\"false\" class=\"elementor-section elementor-top-section elementor-element elementor-element-a3395c2 elementor-section-boxed elementor-section-height-default elementor-section-height-default\" data-id=\"a3395c2\" data-element_type=\"section\" data-settings=\"{&quot;background_background&quot;:&quot;classic&quot;}\">\n\t\t\t\t\t\t<div class=\"elementor-container elementor-column-gap-default\">\n\t\t\t\t\t<div class=\"elementor-column elementor-col-100 elementor-top-column elementor-element elementor-element-320999b\" data-id=\"320999b\" data-element_type=\"column\">\n\t\t\t<div class=\"elementor-widget-wrap elementor-element-populated\">\n\t\t\t\t\t\t<div class=\"elementor-element elementor-element-a0da5e4 elementor-widget elementor-widget-text-editor\" data-id=\"a0da5e4\" data-element_type=\"widget\" data-widget_type=\"text-editor.default\">\n\t\t\t\t<div class=\"elementor-widget-container\">\n\t\t\t\t\t\t\t<div class=\"wpb_column vc_column_container vc_col-sm-8\">\n<div class=\"vc_column-inner\">\n<div class=\"wpb_wrapper\">\n<div class=\"wpb_text_column wpb_content_element \">\n<div class=\"wpb_wrapper\">\n<div class=\"wpb_column vc_column_container vc_col-sm-8\">\n<div class=\"vc_column-inner\">\n<div class=\"wpb_wrapper\">\n<div class=\"wpb_text_column wpb_content_element \">\n<div class=\"wpb_wrapper\">\n<h4>1. Inhalt<\/h4>\n<p>Der Autor beh\u00e4lt sich das Recht vor, keinerlei Gew\u00e4hr f\u00fcr die Aktualit\u00e4t, Korrektheit, Vollst\u00e4ndigkeit oder Qualit\u00e4t der bereitgestellten Informationen zu \u00fcbernehmen. M\u00f6gliche Haftungsanspr\u00fcche bez\u00fcglich jeglicher Sch\u00e4den, die durch die Nutzung der bereitgestellten Informationen verursacht wurden, einschlie\u00dflich jeglicher Art von unvollst\u00e4ndigen oder falschen Informationen, werden daher abgelehnt. Die Angebote sind nicht bindend und f\u00fchren zu keinerlei Verpflichtungen. Seitenabschnitte oder die gesamte Publikation, einschlie\u00dflich aller Angebote und Informationen, k\u00f6nnen vom Autor ohne vorherige Ank\u00fcndigung erweitert, ver\u00e4ndert und teilweise oder vollst\u00e4ndig entfernt werden.<\/p>\n<h4>2. Referenzen und Links<\/h4>\n<p>Der Autor \u00fcbernimmt keine Verantwortung f\u00fcr den Inhalt der Links und Verweise auf seinen Seiten, es sei denn, er hatte volle Kenntnis von illegalen Inhalten und war in der Lage, die Besucher seiner Seite daran zu hindern, diese Seiten anzusehen. F\u00fcr Sch\u00e4den, die durch die Nutzung der dargestellten Informationen entstehen, kann nur der Autor der betreffenden Seiten haftbar gemacht werden und nicht die Person, von der die Links zu den Seiten ausgehen. Au\u00dferdem ist der Autor nicht f\u00fcr Ver\u00f6ffentlichungen oder Nachrichten verantwortlich, die von Nutzern der auf seiner Seite vorhandenen Diskussionsforen, G\u00e4steb\u00fccher oder Mailinglisten eingegeben werden.<\/p>\n<h4>3. Urheberrecht<\/h4>\n<p>Der Autor verpflichtet sich, keine urheberrechtlich gesch\u00fctzten Objekte f\u00fcr die Ver\u00f6ffentlichung zu verwenden oder gegebenenfalls die urheberrechtlichen Informationen des betreffenden Objekts anzugeben. Das Urheberrecht an allen vom Autor geschaffenen Elementen ist vorbehalten. Das Kopieren oder Verwenden von Elementen wie Bildern, Diagrammen, Videos, Sounds oder Texten in anderen elektronischen oder gedruckten Publikationen ohne die vorherige Zustimmung des Autors ist untersagt.<\/p>\n<h4>4. Rechtsg\u00fcltigkeit dieses Haftungsausschlusses<\/h4>\n<p>Dieser Haftungsausschluss ist als Teil der von Ihnen besuchten Internetpublikation zu betrachten. Sollten einzelne Abschnitte oder Bestimmungen dieser Vereinbarung rechtswidrig oder unrichtig sein, bleiben der Inhalt und die G\u00fcltigkeit der \u00fcbrigen Teile davon unber\u00fchrt.<\/p>\n<\/div>\n<\/div>\n<\/div>\n<\/div>\n<\/div>\n<\/div>\n<\/div>\n<\/div>\n<\/div>\n<\/div>\n\t\t\t\t\t\t<\/div>\n\t\t\t\t<\/div>\n\t\t\t\t<div class=\"elementor-element elementor-element-5f12973 elementor-widget elementor-widget-spacer\" data-id=\"5f12973\" data-element_type=\"widget\" data-widget_type=\"spacer.default\">\n\t\t\t\t<div class=\"elementor-widget-container\">\n\t\t\t\t\t<div class=\"elementor-spacer\">\n\t\t\t<div class=\"elementor-spacer-inner\"><\/div>\n\t\t<\/div>\n\t\t\t\t<\/div>\n\t\t\t\t<\/div>\n\t\t\t\t\t<\/div>\n\t\t<\/div>\n\t\t\t\t\t<\/div>\n\t\t<\/section>\n\t\t\t\t<\/div>\n\t\t","protected":false},"excerpt":{"rendered":"<p>Haftungsausschluss 1. Inhalt Der Autor beh\u00e4lt sich das Recht vor, keinerlei Gew\u00e4hr f\u00fcr die Aktualit\u00e4t, Korrektheit, Vollst\u00e4ndigkeit oder Qualit\u00e4t der bereitgestellten Informationen zu \u00fcbernehmen. M\u00f6gliche Haftungsanspr\u00fcche bez\u00fcglich jeglicher Sch\u00e4den, die durch die Nutzung der bereitgestellten Informationen verursacht wurden, einschlie\u00dflich jeglicher Art von unvollst\u00e4ndigen oder falschen Informationen, werden daher abgelehnt. Die Angebote sind nicht bindend und [&hellip;]<\/p>\n","protected":false},"author":1,"featured_media":0,"parent":0,"menu_order":0,"comment_status":"closed","ping_status":"closed","template":"elementor_header_footer","meta":{"_acf_changed":false,"inline_featured_image":false,"_monsterinsights_skip_tracking":false,"_monsterinsights_sitenote_active":false,"_monsterinsights_sitenote_note":"","_monsterinsights_sitenote_category":0,"footnotes":""},"class_list":["post-3469","page","type-page","status-publish","hentry"],"acf":[],"yoast_head":"<!-- This site is optimized with the Yoast SEO plugin v27.3 - https:\/\/yoast.com\/product\/yoast-seo-wordpress\/ -->\n<title>Haftungsausschluss - Composites Busch<\/title>\n<meta name=\"robots\" content=\"index, follow, max-snippet:-1, max-image-preview:large, max-video-preview:-1\" \/>\n<link rel=\"canonical\" href=\"https:\/\/compositesbusch.ch\/de\/haftungsausschluss\/\" \/>\n<meta property=\"og:locale\" content=\"de_DE\" \/>\n<meta property=\"og:type\" content=\"article\" \/>\n<meta property=\"og:title\" content=\"Haftungsausschluss - Composites Busch\" \/>\n<meta property=\"og:description\" content=\"Haftungsausschluss 1. Inhalt Der Autor beh\u00e4lt sich das Recht vor, keinerlei Gew\u00e4hr f\u00fcr die Aktualit\u00e4t, Korrektheit, Vollst\u00e4ndigkeit oder Qualit\u00e4t der bereitgestellten Informationen zu \u00fcbernehmen. M\u00f6gliche Haftungsanspr\u00fcche bez\u00fcglich jeglicher Sch\u00e4den, die durch die Nutzung der bereitgestellten Informationen verursacht wurden, einschlie\u00dflich jeglicher Art von unvollst\u00e4ndigen oder falschen Informationen, werden daher abgelehnt. Die Angebote sind nicht bindend und [&hellip;]\" \/>\n<meta property=\"og:url\" content=\"https:\/\/compositesbusch.ch\/de\/haftungsausschluss\/\" \/>\n<meta property=\"og:site_name\" content=\"Composites Busch\" \/>\n<meta property=\"article:modified_time\" content=\"2022-12-19T14:25:01+00:00\" \/>\n<meta name=\"twitter:card\" content=\"summary_large_image\" \/>\n<meta name=\"twitter:label1\" content=\"Gesch\u00e4tzte Lesezeit\" \/>\n\t<meta name=\"twitter:data1\" content=\"2\u00a0Minuten\" \/>\n<script type=\"application\/ld+json\" class=\"yoast-schema-graph\">{\"@context\":\"https:\\\/\\\/schema.org\",\"@graph\":[{\"@type\":\"WebPage\",\"@id\":\"https:\\\/\\\/compositesbusch.ch\\\/de\\\/haftungsausschluss\\\/\",\"url\":\"https:\\\/\\\/compositesbusch.ch\\\/de\\\/haftungsausschluss\\\/\",\"name\":\"Haftungsausschluss - Composites Busch\",\"isPartOf\":{\"@id\":\"https:\\\/\\\/compositesbusch.ch\\\/de\\\/#website\"},\"datePublished\":\"2022-12-09T12:13:20+00:00\",\"dateModified\":\"2022-12-19T14:25:01+00:00\",\"inLanguage\":\"de\",\"potentialAction\":[{\"@type\":\"ReadAction\",\"target\":[\"https:\\\/\\\/compositesbusch.ch\\\/de\\\/haftungsausschluss\\\/\"]}]},{\"@type\":\"WebSite\",\"@id\":\"https:\\\/\\\/compositesbusch.ch\\\/de\\\/#website\",\"url\":\"https:\\\/\\\/compositesbusch.ch\\\/de\\\/\",\"name\":\"Composites Busch\",\"description\":\"Mat\u00e9riaux composites et fabrication additive\",\"publisher\":{\"@id\":\"https:\\\/\\\/compositesbusch.ch\\\/de\\\/#organization\"},\"potentialAction\":[{\"@type\":\"SearchAction\",\"target\":{\"@type\":\"EntryPoint\",\"urlTemplate\":\"https:\\\/\\\/compositesbusch.ch\\\/de\\\/?s={search_term_string}\"},\"query-input\":{\"@type\":\"PropertyValueSpecification\",\"valueRequired\":true,\"valueName\":\"search_term_string\"}}],\"inLanguage\":\"de\"},{\"@type\":\"Organization\",\"@id\":\"https:\\\/\\\/compositesbusch.ch\\\/de\\\/#organization\",\"name\":\"Composites Busch\",\"url\":\"https:\\\/\\\/compositesbusch.ch\\\/de\\\/\",\"logo\":{\"@type\":\"ImageObject\",\"inLanguage\":\"de\",\"@id\":\"https:\\\/\\\/compositesbusch.ch\\\/de\\\/#\\\/schema\\\/logo\\\/image\\\/\",\"url\":\"https:\\\/\\\/compositesbusch.ch\\\/wp-content\\\/uploads\\\/2024\\\/02\\\/CompositesBusch.svg\",\"contentUrl\":\"https:\\\/\\\/compositesbusch.ch\\\/wp-content\\\/uploads\\\/2024\\\/02\\\/CompositesBusch.svg\",\"width\":609,\"height\":142,\"caption\":\"Composites Busch\"},\"image\":{\"@id\":\"https:\\\/\\\/compositesbusch.ch\\\/de\\\/#\\\/schema\\\/logo\\\/image\\\/\"}}]}<\/script>\n<!-- \/ Yoast SEO plugin. -->","yoast_head_json":{"title":"Haftungsausschluss - Composites Busch","robots":{"index":"index","follow":"follow","max-snippet":"max-snippet:-1","max-image-preview":"max-image-preview:large","max-video-preview":"max-video-preview:-1"},"canonical":"https:\/\/compositesbusch.ch\/de\/haftungsausschluss\/","og_locale":"de_DE","og_type":"article","og_title":"Haftungsausschluss - Composites Busch","og_description":"Haftungsausschluss 1. Inhalt Der Autor beh\u00e4lt sich das Recht vor, keinerlei Gew\u00e4hr f\u00fcr die Aktualit\u00e4t, Korrektheit, Vollst\u00e4ndigkeit oder Qualit\u00e4t der bereitgestellten Informationen zu \u00fcbernehmen. M\u00f6gliche Haftungsanspr\u00fcche bez\u00fcglich jeglicher Sch\u00e4den, die durch die Nutzung der bereitgestellten Informationen verursacht wurden, einschlie\u00dflich jeglicher Art von unvollst\u00e4ndigen oder falschen Informationen, werden daher abgelehnt. Die Angebote sind nicht bindend und [&hellip;]","og_url":"https:\/\/compositesbusch.ch\/de\/haftungsausschluss\/","og_site_name":"Composites Busch","article_modified_time":"2022-12-19T14:25:01+00:00","twitter_card":"summary_large_image","twitter_misc":{"Gesch\u00e4tzte Lesezeit":"2\u00a0Minuten"},"schema":{"@context":"https:\/\/schema.org","@graph":[{"@type":"WebPage","@id":"https:\/\/compositesbusch.ch\/de\/haftungsausschluss\/","url":"https:\/\/compositesbusch.ch\/de\/haftungsausschluss\/","name":"Haftungsausschluss - Composites Busch","isPartOf":{"@id":"https:\/\/compositesbusch.ch\/de\/#website"},"datePublished":"2022-12-09T12:13:20+00:00","dateModified":"2022-12-19T14:25:01+00:00","inLanguage":"de","potentialAction":[{"@type":"ReadAction","target":["https:\/\/compositesbusch.ch\/de\/haftungsausschluss\/"]}]},{"@type":"WebSite","@id":"https:\/\/compositesbusch.ch\/de\/#website","url":"https:\/\/compositesbusch.ch\/de\/","name":"Composites Busch","description":"Mat\u00e9riaux composites et fabrication additive","publisher":{"@id":"https:\/\/compositesbusch.ch\/de\/#organization"},"potentialAction":[{"@type":"SearchAction","target":{"@type":"EntryPoint","urlTemplate":"https:\/\/compositesbusch.ch\/de\/?s={search_term_string}"},"query-input":{"@type":"PropertyValueSpecification","valueRequired":true,"valueName":"search_term_string"}}],"inLanguage":"de"},{"@type":"Organization","@id":"https:\/\/compositesbusch.ch\/de\/#organization","name":"Composites Busch","url":"https:\/\/compositesbusch.ch\/de\/","logo":{"@type":"ImageObject","inLanguage":"de","@id":"https:\/\/compositesbusch.ch\/de\/#\/schema\/logo\/image\/","url":"https:\/\/compositesbusch.ch\/wp-content\/uploads\/2024\/02\/CompositesBusch.svg","contentUrl":"https:\/\/compositesbusch.ch\/wp-content\/uploads\/2024\/02\/CompositesBusch.svg","width":609,"height":142,"caption":"Composites Busch"},"image":{"@id":"https:\/\/compositesbusch.ch\/de\/#\/schema\/logo\/image\/"}}]}},"_links":{"self":[{"href":"https:\/\/compositesbusch.ch\/de\/wp-json\/wp\/v2\/pages\/3469","targetHints":{"allow":["GET"]}}],"collection":[{"href":"https:\/\/compositesbusch.ch\/de\/wp-json\/wp\/v2\/pages"}],"about":[{"href":"https:\/\/compositesbusch.ch\/de\/wp-json\/wp\/v2\/types\/page"}],"author":[{"embeddable":true,"href":"https:\/\/compositesbusch.ch\/de\/wp-json\/wp\/v2\/users\/1"}],"replies":[{"embeddable":true,"href":"https:\/\/compositesbusch.ch\/de\/wp-json\/wp\/v2\/comments?post=3469"}],"version-history":[{"count":6,"href":"https:\/\/compositesbusch.ch\/de\/wp-json\/wp\/v2\/pages\/3469\/revisions"}],"predecessor-version":[{"id":4522,"href":"https:\/\/compositesbusch.ch\/de\/wp-json\/wp\/v2\/pages\/3469\/revisions\/4522"}],"wp:attachment":[{"href":"https:\/\/compositesbusch.ch\/de\/wp-json\/wp\/v2\/media?parent=3469"}],"curies":[{"name":"wp","href":"https:\/\/api.w.org\/{rel}","templated":true}]}}