{"id":3474,"date":"2022-12-09T13:18:40","date_gmt":"2022-12-09T12:18:40","guid":{"rendered":"https:\/\/compositesbusch.ch\/politique-de-confidentialite\/"},"modified":"2022-12-20T14:35:07","modified_gmt":"2022-12-20T13:35:07","slug":"datenschutzrichtlinie","status":"publish","type":"page","link":"https:\/\/compositesbusch.ch\/de\/datenschutzrichtlinie\/","title":{"rendered":"Datenschutzrichtlinie"},"content":{"rendered":"\t\t<div data-elementor-type=\"wp-page\" data-elementor-id=\"3474\" class=\"elementor elementor-3474 elementor-3419\" data-elementor-post-type=\"page\">\n\t\t\t\t\t\t<section data-particle_enable=\"false\" data-particle-mobile-disabled=\"false\" class=\"elementor-section elementor-top-section elementor-element elementor-element-1b031e4 elementor-section-height-min-height elementor-section-boxed elementor-section-height-default elementor-section-items-middle\" data-id=\"1b031e4\" data-element_type=\"section\" data-settings=\"{&quot;background_background&quot;:&quot;classic&quot;}\">\n\t\t\t\t\t\t\t<div class=\"elementor-background-overlay\"><\/div>\n\t\t\t\t\t\t\t<div class=\"elementor-container elementor-column-gap-default\">\n\t\t\t\t\t<div class=\"elementor-column elementor-col-100 elementor-top-column elementor-element elementor-element-e851891\" data-id=\"e851891\" data-element_type=\"column\">\n\t\t\t<div class=\"elementor-widget-wrap elementor-element-populated\">\n\t\t\t\t\t\t<div class=\"elementor-element elementor-element-ed4bde1 elementor-widget elementor-widget-heading\" data-id=\"ed4bde1\" data-element_type=\"widget\" data-widget_type=\"heading.default\">\n\t\t\t\t<div class=\"elementor-widget-container\">\n\t\t\t<h1 class=\"elementor-heading-title elementor-size-default\">Datenschutzrichtlinie\n<\/h1>\t\t<\/div>\n\t\t\t\t<\/div>\n\t\t\t\t<div class=\"elementor-element elementor-element-9b9a76d elementor-widget elementor-widget-spacer\" data-id=\"9b9a76d\" data-element_type=\"widget\" data-widget_type=\"spacer.default\">\n\t\t\t\t<div class=\"elementor-widget-container\">\n\t\t\t\t\t<div class=\"elementor-spacer\">\n\t\t\t<div class=\"elementor-spacer-inner\"><\/div>\n\t\t<\/div>\n\t\t\t\t<\/div>\n\t\t\t\t<\/div>\n\t\t\t\t\t<\/div>\n\t\t<\/div>\n\t\t\t\t\t<\/div>\n\t\t<\/section>\n\t\t\t\t<section data-particle_enable=\"false\" data-particle-mobile-disabled=\"false\" class=\"elementor-section elementor-top-section elementor-element elementor-element-b687f49 elementor-section-boxed elementor-section-height-default elementor-section-height-default\" data-id=\"b687f49\" data-element_type=\"section\" data-settings=\"{&quot;background_background&quot;:&quot;classic&quot;}\">\n\t\t\t\t\t\t<div class=\"elementor-container elementor-column-gap-default\">\n\t\t\t\t\t<div class=\"elementor-column elementor-col-100 elementor-top-column elementor-element elementor-element-81790dc\" data-id=\"81790dc\" data-element_type=\"column\">\n\t\t\t<div class=\"elementor-widget-wrap elementor-element-populated\">\n\t\t\t\t\t\t<div class=\"elementor-element elementor-element-1d08f9a elementor-widget elementor-widget-spacer\" data-id=\"1d08f9a\" data-element_type=\"widget\" data-widget_type=\"spacer.default\">\n\t\t\t\t<div class=\"elementor-widget-container\">\n\t\t\t\t\t<div class=\"elementor-spacer\">\n\t\t\t<div class=\"elementor-spacer-inner\"><\/div>\n\t\t<\/div>\n\t\t\t\t<\/div>\n\t\t\t\t<\/div>\n\t\t\t\t<div class=\"elementor-element elementor-element-935c333 elementor-widget elementor-widget-text-editor\" data-id=\"935c333\" data-element_type=\"widget\" data-widget_type=\"text-editor.default\">\n\t\t\t\t<div class=\"elementor-widget-container\">\n\t\t\t\t\t\t\t<p><b>Nutzungsbedingungen<\/b><\/p><p>\u00a0<\/p><p><span style=\"font-weight: 400;\">Composites Busch stellt die Inhalte auf <\/span><a href=\"https:\/\/compositesbusch.ch\/\"><span style=\"font-weight: 400;\">compositesbusch.ch<\/span><\/a><span style=\"font-weight: 400;\"> und allen untergeordneten Websites unter folgenden Bedingungen bereit. Mit dem Aufruf und der Nutzung dieser Website stimmen Sie diesen Bedingungen zu. Alle Inhalte und Funktionen auf dieser Website, einschlie\u00dflich der Texte, Grafiken, Symbole, Logos und Bilder sind ausschlie\u00dfliches Eigentum von Composites Busch bzw. seiner Lizenzgeber und unterliegen den internationalen Gesetzen zum Schutz des Urheberrechts Alle nicht ausdr\u00fccklich erteilten Rechte sind vorbehalten. Wenn Links zu Websites Au\u00dfenstehender angeboten werden, haftet Composites Busch nicht f\u00fcr deren Inhalte. F\u00fcr die Websites Au\u00dfenstehenden gelten die Nutzungsbedingungen und Datenschutzbestimmungen der betreffenden au\u00dfenstehenden Anbieter von Inhalten, sofern vorhanden. Wir haben keinen Einfluss und haften nicht f\u00fcr die Erfassung von Daten und die Datenschutzrichtlinien solcher Websites Au\u00dfenstehender.<\/span><\/p><p><br \/><br \/><br \/><\/p><p><b>Datenschutzrichtlinie<\/b><\/p><p>\u00a0<\/p><p><span style=\"font-weight: 400;\">Composites Busch verpflichtet sich zur Wahrung der Vertraulichkeit hinsichtlich der identifizierbaren pers\u00f6nlichen Daten, die von Ihnen im Zuge der Nutzung dieser Website oder einer der untergeordneten Websites erfasst werden. Mit der Nutzung der Website und der \u00dcbermittlung pers\u00f6nlicher Daten erlauben Sie uns, die Daten im Rahmen der folgenden Datenschutzrichtlinie zu verwenden.<\/span><\/p><p><br \/><br \/><br \/><\/p><p><span style=\"font-weight: 400;\">Datenerfassung und Verwendung von IP-Adressen<\/span><\/p><p>\u00a0<\/p><p><span style=\"font-weight: 400;\">Im Kontaktformular teilen Sie Composites Busch unter anderem folgende pers\u00f6nliche Informationen mit: Name, Anrede, Firmenadresse, E-Mail-Adresse und Telefonnummern. Diese Informationen werden von Composites Busch und Busch-Gesellschaften ausschlie\u00dflich dazu verwendet, Kontakt mit Ihnen aufzunehmen und Ihnen die gew\u00fcnschten Informationen zukommen zu lassen. Falls wir von Ihrem Computer eine IP-Adresse erhalten, wird diese ausschlie\u00dflich dazu benutzt, die Herkunft der IP-Adresse festzustellen, um Ihnen automatisch die f\u00fcr Ihr Land oder Ihre Region zust\u00e4ndigen Busch-Vertreter anzuzeigen. Wenn Ihr Computer die entsprechenden Informationen liefert, verwenden wir f\u00fcr die Anzeige des Inhalts unserer Website die Spracheinstellungen Ihres Browsers (wenn vorhanden), da wir davon ausgehen, dass dies Ihre bevorzugte Sprache ist. Au\u00dferdem analysieren wir die Nutzung jeder Seite (Klickrate und H\u00e4ufigkeit), um zu erfahren, wie viel Interesse an den von uns bereitgestellten Inhalten besteht, und um den Inhalt und den Nutzwert unseres Internetauftritts fortlaufend zu verbessern. In diesem Zusammenhang sind wir nicht an individuellen IP-Adressen interessiert und f\u00fchren auch keine R\u00fcckverfolgungen durch. Wir verwenden lediglich die kumulierten Nutzungsdaten aller Besucher unserer Seite.<\/span><\/p><p><br \/><br \/><br \/><\/p><p><span style=\"font-weight: 400;\">Verwendete Analysewerkzeuge<\/span><\/p><p>\u00a0<\/p><p><span style=\"font-weight: 400;\">Composites Busch verwendet Google Analytics und Google Adwords Conversion Tracking<\/span><\/p><p>\u00a0<\/p><p><span style=\"font-weight: 400;\">1) Google Analytics<\/span><\/p><p>\u00a0<\/p><p><span style=\"font-weight: 400;\">Google Analytics verwendet Cookies, Textdateien, die auf Ihrem Computer gespeichert werden, um eine Analyse Ihrer Nutzung der Website zu erm\u00f6glichen. Die vom Cookie generierten Informationen \u00fcber Ihre Nutzung der Website werden in der Regel an einen Google-Server in den Vereinigten Staaten \u00fcbermittelt und dort gespeichert. Nur in Ausnahmef\u00e4llen, auf die wir keinen Einfluss haben, wird an einen Google-Server in den Vereinigten Staaten eine vollst\u00e4ndige IP-Adresse \u00fcbermittelt und dort verst\u00fcmmelt. Anhand dieser Informationen analysiert Google Analytics Ihre Nutzung der Website, erstellt Berichte \u00fcber die Nutzungsaktivit\u00e4t der Website und beliefert uns mit weiteren Dienstleistungen zur Nutzung der Website und des Internets. Die von Ihrem Browser als Teil von Google Analytics \u00fcbermittelte IP-Adresse wird von Google nicht mit anderen Daten zusammengef\u00fchrt. Sie k\u00f6nnen die Speicherung von Cookies durch entsprechende Einstellungen in Ihrer Browser-Software verhindern. Au\u00dferdem k\u00f6nnen Sie unter folgendem Link bei Google ein Browser-Plug-In herunterladen und installieren, mit dem Sie verhindern, dass die vom Cookie generierten Daten \u00fcber Ihre Nutzung der Website (einschlie\u00dflich der IP-Adresse) von Google erfasst und verarbeitet werden: <\/span><a href=\"http:\/\/tools.google.com\/dlpage\/gaoptout?hl=de\"><span style=\"font-weight: 400;\">http:\/\/tools.google.com\/dlpage\/gaoptout?hl=de<\/span><\/a><span style=\"font-weight: 400;\">. Weitere Informationen zu den Nutzungsbedingungen und zum Datenschutz finden Sie unter <\/span><a href=\"http:\/\/www.google.com\/analytics\/terms\/de.html\"><span style=\"font-weight: 400;\">http:\/\/www.google.com\/analytics\/terms\/de.html<\/span><\/a><span style=\"font-weight: 400;\">. Wir weisen darauf hin, dass das Google-Analytics-Programm auf dieser Website durch \u201canonymizeIp\u201d erg\u00e4nzt ist, um sicherzustellen, dass IP-Adressen anonymisiert erfasst werden (die sogenannte IP-Maskierung). Au\u00dferdem verwenden wir Google Analytics f\u00fcr statistische Zwecke und werten die Daten der AdWords- und DoubleClick-Cookies aus. Wenn Sie dies nicht w\u00fcnschen, k\u00f6nnen Sie es in den pers\u00f6nlichen Einstellungen \u00e4ndern (<\/span><a href=\"http:\/\/www.google.com\/settings\/ads\/onweb\/?hl=de\"><span style=\"font-weight: 400;\">http:\/\/www.google.com\/settings\/ads\/onweb\/?hl=de<\/span><\/a><span style=\"font-weight: 400;\">).<\/span><\/p><p>\u00a0<\/p><p><span style=\"font-weight: 400;\">2) Google Adwords-Conversion-Tracking<\/span><\/p><p>\u00a0<\/p><p><span style=\"font-weight: 400;\">Diese Website verwendet Google Adwords-Conversion-Tracking Das Conversion-Tracking-Cookie wird von Google Adwords im Browser des Benutzers aktiviert, wenn Sie auf eine von Google \u00fcbermittelte Werbung klicken. Diese Cookies verlieren nach 30 Tagen ihre G\u00fcltigkeit. Sie werden nicht dazu verwendet, pers\u00f6nliche Identifizierungsdaten zu erfassen. Wenn der Benutzer eine bestimmte Seite auf dieser Website besucht und das Cookie noch nicht abgelaufen ist, erfahren Google und Composites Busch, dass der Benutzer auf die Anzeige geklickt hat und auf diese Seite weitergeleitet wurde. Jeder Google-AdWords-Kunde erh\u00e4lt ein anderes Cookie. Dadurch k\u00f6nnen Cookies \u00fcber die Website von AdWords-Kunden nicht weiterverfolgt werden. Anhand der von den Conversion-Cookies gesammelten Daten werden f\u00fcr AdWord-Kunden, die das Conversion-Tracking gew\u00e4hlt haben, Konversionsstatistiken erstellt. Kunden von AdWords werden \u00fcber die Gesamtzahl der Benutzer informiert, die auf die Anzeige geklickt haben und auf eine Seite mit Conversion-Tracking-Funktionen weitergeleitet wurden. Sie erhalten jedoch keine Informationen, anhand derer sie Benutzer pers\u00f6nlich identifizieren k\u00f6nnen. Wenn Sie am Nachverfolgungsprogramm nicht teilnehmen m\u00f6chten, k\u00f6nnen Sie die Nutzung dieses Programms einfach verweigern, indem Sie das Google-Conversion-Tracking-Cookie in den pers\u00f6nlichen Einstellungen Ihres Internetbrowsers deaktivieren. Sie k\u00f6nnen die Conversion-Tracking-Cookies auch deaktivieren, indem Sie Ihren Browser so einstellen, dass Cookies von \u201cgoogleadservices.com\u201d blockiert werden.<\/span><\/p><p><br \/><br \/><br \/><\/p><p><span style=\"font-weight: 400;\">Offenlegung gegen\u00fcber Au\u00dfenstehenden<\/span><\/p><p>\u00a0<\/p><p><span style=\"font-weight: 400;\">Composites Busch wird Ihre pers\u00f6nlichen Daten Au\u00dfenstehenden (das hei\u00dft Personen oder Organisationen, die mit Busch nicht verbunden sind stehen) weder f\u00fcr Marketingzwecke noch sonstige Zwecke dieser Au\u00dfenstehenden wissentlich offenlegen, soweit es nicht gesetzlich gefordert ist.<\/span><\/p><p><br \/><br \/><br \/><br \/><\/p><p><span style=\"font-weight: 400;\">Grenz\u00fcberschreitende Aufbewahrung und \u00dcbermittlung von Informationen<\/span><\/p><p>\u00a0<\/p><p><span style=\"font-weight: 400;\">Die auf dieser Website erfassten pers\u00f6nlichen Informationen k\u00f6nnen an jedes der weltweit angesiedelten B\u00fcros von Busch \u00fcbermitteilt werden, auch an B\u00fcros au\u00dferhalb der Europ\u00e4ischen Union (EU). Die Website kann \u00fcberall auf der Welt eingesehen und gehostet werden, auch in L\u00e4ndern (wie den Vereinigten Staaten), in denen es keine Gesetzte gibt, die die Nutzung und die \u00dcbermittlung identifizierbarer pers\u00f6nlicher Daten regeln. Mit der Nutzung dieser Website und der \u00dcbermittlung solcher Informationen in ihr erkl\u00e4ren Sie sich mit der grenz\u00fcberschreitenden \u00dcbermittlung und Aufbewahrung dieser Informationen einverstanden.<\/span><\/p><p><br \/><br \/><br \/><\/p><p><span style=\"font-weight: 400;\">Einverst\u00e4ndniserkl\u00e4rung<\/span><\/p><p>\u00a0<\/p><p><span style=\"font-weight: 400;\">Mit der Nutzung dieser Website erkl\u00e4ren Sie Ihr Einverst\u00e4ndnis mit der Erfassung, Nutzung und Speicherung Ihrer Daten durch uns entsprechend den Beschreibungen in dieser Datenschutzrichtlinie und an andere Stellen auf dieser Website. Wir behalten uns das Recht vor, an dieser Datenschutzrichtlinie von Zeit zu Zeit \u00c4nderungen vorzunehmen. Wir werden Sie auf solche \u00c4nderungen durch eine entsprechende Aktualisierung dieser Datenschutzrichtlinie hinweisen.<\/span><\/p><p><br \/><br \/><br \/><\/p><p><span style=\"font-weight: 400;\">Wenden Sie sich an unsere Datenschutzabteilung<\/span><\/p><p>\u00a0<\/p><p><span style=\"font-weight: 400;\">Wenn Sie Fragen zum Datenschutz haben, schicken Sie uns bitte eine E-Mail unter <\/span><a href=\"mailto:composites@busch.ch\"><span style=\"font-weight: 400;\">composites@busch.ch<\/span><\/a><\/p><p><br \/><br \/><br \/><\/p><p><span style=\"font-weight: 400;\">Tag des Inkrafttretens dieser Datenschutzrichtlinie.<\/span><\/p><p>\u00a0<\/p><p><span style=\"font-weight: 400;\">Diese Richtlinie tritt am 2016\/09\/12 in Kraft.<\/span><\/p>\t\t\t\t\t\t<\/div>\n\t\t\t\t<\/div>\n\t\t\t\t<div class=\"elementor-element elementor-element-7fe6bc2 elementor-widget elementor-widget-spacer\" data-id=\"7fe6bc2\" data-element_type=\"widget\" data-widget_type=\"spacer.default\">\n\t\t\t\t<div class=\"elementor-widget-container\">\n\t\t\t\t\t<div class=\"elementor-spacer\">\n\t\t\t<div class=\"elementor-spacer-inner\"><\/div>\n\t\t<\/div>\n\t\t\t\t<\/div>\n\t\t\t\t<\/div>\n\t\t\t\t\t<\/div>\n\t\t<\/div>\n\t\t\t\t\t<\/div>\n\t\t<\/section>\n\t\t\t\t<\/div>\n\t\t","protected":false},"excerpt":{"rendered":"<p>Datenschutzrichtlinie Nutzungsbedingungen \u00a0 Composites Busch stellt die Inhalte auf compositesbusch.ch und allen untergeordneten Websites unter folgenden Bedingungen bereit. Mit dem Aufruf und der Nutzung dieser Website stimmen Sie diesen Bedingungen zu. Alle Inhalte und Funktionen auf dieser Website, einschlie\u00dflich der Texte, Grafiken, Symbole, Logos und Bilder sind ausschlie\u00dfliches Eigentum von Composites Busch bzw. seiner Lizenzgeber [&hellip;]<\/p>\n","protected":false},"author":1,"featured_media":0,"parent":0,"menu_order":0,"comment_status":"closed","ping_status":"closed","template":"elementor_header_footer","meta":{"_acf_changed":false,"inline_featured_image":false,"_monsterinsights_skip_tracking":false,"_monsterinsights_sitenote_active":false,"_monsterinsights_sitenote_note":"","_monsterinsights_sitenote_category":0,"footnotes":""},"class_list":["post-3474","page","type-page","status-publish","hentry"],"acf":[],"yoast_head":"<!-- This site is optimized with the Yoast SEO plugin v27.3 - https:\/\/yoast.com\/product\/yoast-seo-wordpress\/ -->\n<title>Datenschutzrichtlinie - Composites Busch<\/title>\n<meta name=\"robots\" content=\"index, follow, max-snippet:-1, max-image-preview:large, max-video-preview:-1\" \/>\n<link rel=\"canonical\" href=\"https:\/\/compositesbusch.ch\/de\/datenschutzrichtlinie\/\" \/>\n<meta property=\"og:locale\" content=\"de_DE\" \/>\n<meta property=\"og:type\" content=\"article\" \/>\n<meta property=\"og:title\" content=\"Datenschutzrichtlinie - Composites Busch\" \/>\n<meta property=\"og:description\" content=\"Datenschutzrichtlinie Nutzungsbedingungen \u00a0 Composites Busch stellt die Inhalte auf compositesbusch.ch und allen untergeordneten Websites unter folgenden Bedingungen bereit. Mit dem Aufruf und der Nutzung dieser Website stimmen Sie diesen Bedingungen zu. Alle Inhalte und Funktionen auf dieser Website, einschlie\u00dflich der Texte, Grafiken, Symbole, Logos und Bilder sind ausschlie\u00dfliches Eigentum von Composites Busch bzw. seiner Lizenzgeber [&hellip;]\" \/>\n<meta property=\"og:url\" content=\"https:\/\/compositesbusch.ch\/de\/datenschutzrichtlinie\/\" \/>\n<meta property=\"og:site_name\" content=\"Composites Busch\" \/>\n<meta property=\"article:modified_time\" content=\"2022-12-20T13:35:07+00:00\" \/>\n<meta name=\"twitter:card\" content=\"summary_large_image\" \/>\n<meta name=\"twitter:label1\" content=\"Gesch\u00e4tzte Lesezeit\" \/>\n\t<meta name=\"twitter:data1\" content=\"6\u00a0Minuten\" \/>\n<script type=\"application\/ld+json\" class=\"yoast-schema-graph\">{\"@context\":\"https:\\\/\\\/schema.org\",\"@graph\":[{\"@type\":\"WebPage\",\"@id\":\"https:\\\/\\\/compositesbusch.ch\\\/de\\\/datenschutzrichtlinie\\\/\",\"url\":\"https:\\\/\\\/compositesbusch.ch\\\/de\\\/datenschutzrichtlinie\\\/\",\"name\":\"Datenschutzrichtlinie - Composites Busch\",\"isPartOf\":{\"@id\":\"https:\\\/\\\/compositesbusch.ch\\\/de\\\/#website\"},\"datePublished\":\"2022-12-09T12:18:40+00:00\",\"dateModified\":\"2022-12-20T13:35:07+00:00\",\"inLanguage\":\"de\",\"potentialAction\":[{\"@type\":\"ReadAction\",\"target\":[\"https:\\\/\\\/compositesbusch.ch\\\/de\\\/datenschutzrichtlinie\\\/\"]}]},{\"@type\":\"WebSite\",\"@id\":\"https:\\\/\\\/compositesbusch.ch\\\/de\\\/#website\",\"url\":\"https:\\\/\\\/compositesbusch.ch\\\/de\\\/\",\"name\":\"Composites Busch\",\"description\":\"Mat\u00e9riaux composites et fabrication additive\",\"publisher\":{\"@id\":\"https:\\\/\\\/compositesbusch.ch\\\/de\\\/#organization\"},\"potentialAction\":[{\"@type\":\"SearchAction\",\"target\":{\"@type\":\"EntryPoint\",\"urlTemplate\":\"https:\\\/\\\/compositesbusch.ch\\\/de\\\/?s={search_term_string}\"},\"query-input\":{\"@type\":\"PropertyValueSpecification\",\"valueRequired\":true,\"valueName\":\"search_term_string\"}}],\"inLanguage\":\"de\"},{\"@type\":\"Organization\",\"@id\":\"https:\\\/\\\/compositesbusch.ch\\\/de\\\/#organization\",\"name\":\"Composites Busch\",\"url\":\"https:\\\/\\\/compositesbusch.ch\\\/de\\\/\",\"logo\":{\"@type\":\"ImageObject\",\"inLanguage\":\"de\",\"@id\":\"https:\\\/\\\/compositesbusch.ch\\\/de\\\/#\\\/schema\\\/logo\\\/image\\\/\",\"url\":\"https:\\\/\\\/compositesbusch.ch\\\/wp-content\\\/uploads\\\/2024\\\/02\\\/CompositesBusch.svg\",\"contentUrl\":\"https:\\\/\\\/compositesbusch.ch\\\/wp-content\\\/uploads\\\/2024\\\/02\\\/CompositesBusch.svg\",\"width\":609,\"height\":142,\"caption\":\"Composites Busch\"},\"image\":{\"@id\":\"https:\\\/\\\/compositesbusch.ch\\\/de\\\/#\\\/schema\\\/logo\\\/image\\\/\"}}]}<\/script>\n<!-- \/ Yoast SEO plugin. -->","yoast_head_json":{"title":"Datenschutzrichtlinie - Composites Busch","robots":{"index":"index","follow":"follow","max-snippet":"max-snippet:-1","max-image-preview":"max-image-preview:large","max-video-preview":"max-video-preview:-1"},"canonical":"https:\/\/compositesbusch.ch\/de\/datenschutzrichtlinie\/","og_locale":"de_DE","og_type":"article","og_title":"Datenschutzrichtlinie - Composites Busch","og_description":"Datenschutzrichtlinie Nutzungsbedingungen \u00a0 Composites Busch stellt die Inhalte auf compositesbusch.ch und allen untergeordneten Websites unter folgenden Bedingungen bereit. Mit dem Aufruf und der Nutzung dieser Website stimmen Sie diesen Bedingungen zu. Alle Inhalte und Funktionen auf dieser Website, einschlie\u00dflich der Texte, Grafiken, Symbole, Logos und Bilder sind ausschlie\u00dfliches Eigentum von Composites Busch bzw. seiner Lizenzgeber [&hellip;]","og_url":"https:\/\/compositesbusch.ch\/de\/datenschutzrichtlinie\/","og_site_name":"Composites Busch","article_modified_time":"2022-12-20T13:35:07+00:00","twitter_card":"summary_large_image","twitter_misc":{"Gesch\u00e4tzte Lesezeit":"6\u00a0Minuten"},"schema":{"@context":"https:\/\/schema.org","@graph":[{"@type":"WebPage","@id":"https:\/\/compositesbusch.ch\/de\/datenschutzrichtlinie\/","url":"https:\/\/compositesbusch.ch\/de\/datenschutzrichtlinie\/","name":"Datenschutzrichtlinie - Composites Busch","isPartOf":{"@id":"https:\/\/compositesbusch.ch\/de\/#website"},"datePublished":"2022-12-09T12:18:40+00:00","dateModified":"2022-12-20T13:35:07+00:00","inLanguage":"de","potentialAction":[{"@type":"ReadAction","target":["https:\/\/compositesbusch.ch\/de\/datenschutzrichtlinie\/"]}]},{"@type":"WebSite","@id":"https:\/\/compositesbusch.ch\/de\/#website","url":"https:\/\/compositesbusch.ch\/de\/","name":"Composites Busch","description":"Mat\u00e9riaux composites et fabrication additive","publisher":{"@id":"https:\/\/compositesbusch.ch\/de\/#organization"},"potentialAction":[{"@type":"SearchAction","target":{"@type":"EntryPoint","urlTemplate":"https:\/\/compositesbusch.ch\/de\/?s={search_term_string}"},"query-input":{"@type":"PropertyValueSpecification","valueRequired":true,"valueName":"search_term_string"}}],"inLanguage":"de"},{"@type":"Organization","@id":"https:\/\/compositesbusch.ch\/de\/#organization","name":"Composites Busch","url":"https:\/\/compositesbusch.ch\/de\/","logo":{"@type":"ImageObject","inLanguage":"de","@id":"https:\/\/compositesbusch.ch\/de\/#\/schema\/logo\/image\/","url":"https:\/\/compositesbusch.ch\/wp-content\/uploads\/2024\/02\/CompositesBusch.svg","contentUrl":"https:\/\/compositesbusch.ch\/wp-content\/uploads\/2024\/02\/CompositesBusch.svg","width":609,"height":142,"caption":"Composites Busch"},"image":{"@id":"https:\/\/compositesbusch.ch\/de\/#\/schema\/logo\/image\/"}}]}},"_links":{"self":[{"href":"https:\/\/compositesbusch.ch\/de\/wp-json\/wp\/v2\/pages\/3474","targetHints":{"allow":["GET"]}}],"collection":[{"href":"https:\/\/compositesbusch.ch\/de\/wp-json\/wp\/v2\/pages"}],"about":[{"href":"https:\/\/compositesbusch.ch\/de\/wp-json\/wp\/v2\/types\/page"}],"author":[{"embeddable":true,"href":"https:\/\/compositesbusch.ch\/de\/wp-json\/wp\/v2\/users\/1"}],"replies":[{"embeddable":true,"href":"https:\/\/compositesbusch.ch\/de\/wp-json\/wp\/v2\/comments?post=3474"}],"version-history":[{"count":19,"href":"https:\/\/compositesbusch.ch\/de\/wp-json\/wp\/v2\/pages\/3474\/revisions"}],"predecessor-version":[{"id":4846,"href":"https:\/\/compositesbusch.ch\/de\/wp-json\/wp\/v2\/pages\/3474\/revisions\/4846"}],"wp:attachment":[{"href":"https:\/\/compositesbusch.ch\/de\/wp-json\/wp\/v2\/media?parent=3474"}],"curies":[{"name":"wp","href":"https:\/\/api.w.org\/{rel}","templated":true}]}}